{"id":12885,"date":"2021-06-19T19:51:01","date_gmt":"2021-06-19T19:51:01","guid":{"rendered":"https:\/\/vipa-ks.com\/?page_id=12885"},"modified":"2021-06-19T19:51:03","modified_gmt":"2021-06-19T19:51:03","slug":"kolonat-per-txt","status":"publish","type":"page","link":"https:\/\/vipa-ks.com\/en\/kolonat-per-txt\/","title":{"rendered":"Kolonat per TXT"},"content":{"rendered":"<p>[vc_section][vc_row][vc_column width=&#8221;1\/3&#8243;]<div class=\"heading header-subheader align-left subcolor-main transform-default theme-icon-second icon-type-hidden   vc_custom_1568283787618 heading-tag-h3\" id=\"like_sc_header_1095059631\"><h3 data-text=\"Every day help for our customers\" class=\"header ltx-sr-id-like_sc_header_1095059631846322870 ltx-sr ltx-sr-effect-fade_in ltx-sr-el-block ltx-sr-delay-0 ltx-sr-duration-1000 ltx-sr-sequences-0\">Every day help for our customers<\/h3><\/div>[vc_column_text]Phasellus porta turpis a lectus dapibus aliquet. Maecenas arcu est, consectetur eget ipsum ut, vulputate laoreet purus. Proin facilisis sem non turpis vulputate semper. Lorem ipsum dolor sit amet, consectetur adipiscing elit.<\/p>\n<ul class=\"disc\">\n<li>Broadband questions<\/li>\n<li>Satelite TV and Internet<\/li>\n<li>High-speed WiFi settings<\/li>\n<li>About Connections<\/li>\n<\/ul>\n<p>[\/vc_column_text]<div class=\"es-resp\">\t<div class=\"visible-xl\" style=\"height: 32px;\"><\/div>\t<div class=\"hidden-xl hidden-md hidden-sm hidden-ms hidden-xs\" style=\"height: 32px;\"><\/div>\t<div class=\"visible-md\" style=\"height: 32px;\"><\/div>\t<div class=\"visible-sm \" style=\"height: 32px;\"><\/div>\t<div class=\"visible-ms\" style=\"height: 32px;\"><\/div>\t<div class=\"visible-xs\" style=\"height: 32px;\"><\/div><\/div><div class=\"btn-wrap\">\r\n\t<a href=\"\"  class=\"btn  btn-main color-hover-default\" id=\"like_sc_button_1383920608\">More Info<\/a><\/div><div class=\"heading header-subheader align-left subcolor-main transform-default theme-icon-second icon-type-hidden heading-tag-h3\" id=\"like_sc_header_116613069\"><h3 data-text=\"If you need more help\" class=\"header ltx-sr-id-like_sc_header_116613069237071383 ltx-sr ltx-sr-effect-fade_in ltx-sr-el-block ltx-sr-delay-0 ltx-sr-duration-1000 ltx-sr-sequences-0\">If you need more help<\/h3><\/div>[vc_column_text]Maecenas arcu est, consectetur eget ipsum ut, vulputate. Proin facilisis sem non turpis vulputate semper. Lorem ipsum dolor sit amet, consectetur adipiscing elit.[\/vc_column_text]<div class=\"es-resp\">\t<div class=\"visible-xl\" style=\"height: 32px;\"><\/div>\t<div class=\"hidden-xl hidden-md hidden-sm hidden-ms hidden-xs\" style=\"height: 32px;\"><\/div>\t<div class=\"visible-md\" style=\"height: 32px;\"><\/div>\t<div class=\"visible-sm \" style=\"height: 32px;\"><\/div>\t<div class=\"visible-ms\" style=\"height: 32px;\"><\/div>\t<div class=\"visible-xs\" style=\"height: 32px;\"><\/div><\/div><ul class=\"ltx-block-icon  icons-count-3 align-left ltx-icon-color-main ltx-icon-size-sm ltx-header-color-default ltx-icon-type-transparent ltx-bg-color-transparent layout-cols1 ltx-icon-h-right \"  id=\"like_sc_block_icon_1601312392\"><li ><a href=\"#\"   class=\"in\"><span class=\"ltx-icon fa fa-phone bg-transparent\"><\/span> <h6 class=\"header\"> 0(800) 890-90-609 <\/h6> <\/a><\/li><li ><a href=\"#\"   class=\"in\"><span class=\"ltx-icon fa fa-envelope bg-transparent\"><\/span> <h6 class=\"header\"> company@like-themes.com <\/h6> <\/a><\/li><li ><div   class=\"in\"><span class=\"ltx-icon fa fa-map-marker bg-transparent\"><\/span> <h6 class=\"header\"> 29 Nicolas str, New York, 987597-50 <\/h6> <\/div><\/li><\/ul>[\/vc_column][vc_column width=&#8221;2\/3&#8243;][vc_tta_accordion][vc_tta_section title=&#8221;2019 KRYEMINISTRI HARADINAJ VIZITON KOMPANIN\u00cb PESTOVA \u2013VIPA CHIPS&#8221; tab_id=&#8221;1568282635582-254bfc81-ee9c&#8221;][vc_single_image image=&#8221;11373&#8243; alignment=&#8221;center&#8221; style=&#8221;vc_box_shadow_border&#8221; onclick=&#8221;zoom&#8221;][vc_column_text]<\/p>\n<ul class=\"disc\">\n<li><strong>15\/07\/2019<\/strong><\/li>\n<li>N\u00eb kuad\u00ebr t\u00eb vizit\u00ebs n\u00eb kompanit\u00eb e suksesshme t\u00eb vendit, kryeministri i Kosov\u00ebs, Ramush Haradinaj, sot ka paralajm\u00ebruar t\u00eb vizitoj kompanin\u00eb Pestova \u2013Vipa Chips, raporton Gazeta Online Veriu.info.Nga burime t\u00eb gazet\u00ebs merret vesh se arsyeja e vizit\u00ebs s\u00eb kryeministrit n\u00eb Pestov\u00eb \u00ebsht\u00eb rritja e eksportit q\u00eb kjo kompani po b\u00ebn\u00eb n\u00eb tregun e Bashkimit Evropian, si dhe investimet e m\u00ebdha q\u00eb kjo kompani po b\u00ebn\u00eb n\u00eb rritjen e kapaciteteve prodhuese n\u00eb p\u00ebrpunimin e produkteve t\u00eb patates<\/li>\n<\/ul>\n<p>[\/vc_column_text][\/vc_tta_section][vc_tta_section title=&#8221;2018 VESELI: PATRIOT\u00cb BASHK\u00cbKOHOR\u00cb JAN\u00cb PRODHUESIT, ATA Q\u00cb PO HAPIN VENDE T\u00cb REJA T\u00cb PUN\u00cbS&#8221; tab_id=&#8221;1568284227046-386cc7c0-717d&#8221;][vc_single_image image=&#8221;11386&#8243; alignment=&#8221;center&#8221; style=&#8221;vc_box_shadow_border&#8221;][vc_column_text]<\/p>\n<ul class=\"disc\">\n<li><strong>05\/10\/2018<\/strong><\/li>\n<li>N\u00eb sh\u00ebnimin e Dit\u00ebs s\u00eb patates n\u00eb Pestov\u00eb t\u00eb Vushtrris\u00eb, ku p\u00ebrve\u00e7 fermer\u00ebve mor\u00ebn dhe drejtuesve t\u00eb pushtetit lokal, mor\u00ebn pjes\u00eb edhe ministri i bujq\u00ebsis\u00eb Nenad Rikalo dhe kryetari i Parlamentit t\u00eb Kosov\u00ebs Kadri Veseli, ky i fundit ka lavd\u00ebruar bujqit e vushtrrias q\u00eb po b\u00ebjn\u00eb shum\u00eb p\u00ebr ekonomin\u00eb e vendit, raporton Gazeta online Veriu.info.Para fermer\u00ebve dhe p\u00ebrpunuesve t\u00eb patates, Kryetari Veseli theksoi se Kosova \u00ebsht\u00eb vend i njer\u00ebzve pun\u00ebtor\u00eb dhe i mund\u00ebsive t\u00eb m\u00ebdha n\u00eb ekonomi. \u201cPatriot\u00eb bashk\u00ebkohor\u00eb jan\u00eb prodhuesit, pun\u00ebtor\u00ebt e vyer t\u00eb Kosov\u00ebs, ata q\u00eb me pun\u00ebn e tyre, me iniciativat e tyre ekonomike hapin vende t\u00eb reja t\u00eb pun\u00ebs\u201d, tha ai, duke shtuar se vizioni n\u00eb dekad\u00ebn e dyt\u00eb t\u00eb pavar\u00ebsis\u00eb \u00ebsht\u00eb q\u00eb Kosova t\u00eb prodhoj\u00eb dhe eksportoj\u00eb sa m\u00eb shum\u00eb produkte. \u201cQeveria e Kosov\u00ebs i ka t\u00eb qarta obligimet e saj: t\u00eb siguroj\u00eb mb\u00ebshtetje t\u00eb plot\u00eb p\u00ebr bizneset vendore. T\u2019i p\u00ebrkrah ato, jo vet\u00ebm me subvencione, por edhe me leht\u00ebsirat e k\u00ebrkuara fiskale dhe me masa t\u00eb tjera, q\u00eb prodhimet kosovare t\u00eb mund t\u00eb dep\u00ebrtojn\u00eb n\u00eb tregjet nd\u00ebrkomb\u00ebtare\u201d, deklaroi kryetari Veseli. Bizneset prodhuese dhe p\u00ebrpunuese do t\u00eb mb\u00ebshteten edhe m\u00eb shum\u00eb me grante, subvencione dhe me politika fiskale, n\u00eb m\u00ebnyr\u00eb q\u00eb ata t\u00eb ken\u00eb m\u00eb shum\u00eb prodhim p\u00ebr tregun e brendsh\u00ebm dhe t\u00eb jasht\u00ebm, ka th\u00ebn\u00eb ai.Me gjith\u00eb deficitin e madh tregtar q\u00eb ka Kosova, Veseli tha se Kompania Pestova po tregon sukses t\u00eb madh duke eksportuar produktet e saja n\u00eb 4 vende t\u00eb Bashkimit Evropian, q\u00eb \u00ebsht\u00eb nj\u00eb storie suksesi q\u00eb duhet t\u00eb merret shembull.Nd\u00ebrsa kryetari i Komun\u00ebs s\u00eb Vushtrris\u00eb, Xhafer Tahiri tha se bujqit e vyesh\u00ebm t\u00eb Vushtrris\u00eb meritojn\u00eb p\u00ebrkrahje shum\u00eb m t\u00eb madhe jo vet\u00ebm nga Komuna por edhe nga Ministria e bujq\u00ebsis\u00eb. Duke theksuar se prodhimtaria e patates \u00ebsht\u00eb nj\u00eb nd\u00ebr pun\u00ebt m\u00eb t\u00eb r\u00ebnda n\u00eb bujq\u00ebsi,&nbsp; Tahiri ka b\u00ebr\u00eb thirrje q\u00eb parat\u00eb publike q\u00eb jan\u00eb p\u00ebr subvensione n\u00eb bujq\u00ebsi t\u00eb mb\u00ebshtesin shum\u00eb m\u00eb shum\u00eb fermer\u00ebt e vyesh\u00ebm vushtrrias, e n\u00eb ve\u00e7anti prodhuesit e patates.Ministri i bujq\u00ebsis\u00eb Nenad Rikallo ka folur p\u00ebr mb\u00ebshtetjen q\u00eb po jep ministria e bujq\u00ebsis\u00eb p\u00ebr kultivuesit e patates, nd\u00ebrsa p\u00ebr Pestov\u00ebn tha se \u00ebsht\u00eb kompani q\u00eb me shum\u00eb sukses ka arritur q\u00eb ta b\u00ebj\u00eb shum\u00eb t\u00eb njohur brendin e saj jo vet\u00ebm n\u00eb Kosov\u00eb por edhe n\u00eb tregun nd\u00ebrkomb\u00ebtar.<\/li>\n<\/ul>\n<p>[\/vc_column_text][\/vc_tta_section][vc_tta_section title=&#8221;2018 BIZNESMEN E POLITIKAN NGA IOWA E SHBA-S\u00cb VIZITOJN\u00cb KOMPANIN\u00cb \u2018PESTOVA\u2019&#8221; tab_id=&#8221;1568284226766-7bb39ae6-4ed5&#8243;][vc_single_image image=&#8221;11394&#8243; alignment=&#8221;center&#8221; style=&#8221;vc_box_shadow_border&#8221; onclick=&#8221;zoom&#8221;][vc_column_text]<\/p>\n<ul class=\"disc\">\n<li><strong>10\/05\/2018<\/strong><\/li>\n<li>Biznesmen nga shteti i Iowa i SHBA-s\u00eb, kryetari i qytetit Norwalk Tom Philips dhe an\u00ebtar\u00eb t\u00eb K\u00ebshillit t\u00eb atij qyteti, sot kan\u00eb vizituar kompanin\u00eb \u2018Pestova\u2019 q\u00eb merret me kultivimin e patateve dhe p\u00ebrpunimin e tyre, me t\u00eb cilat p\u00ebrve\u00e7 tregut kosovar eksporton edhe jasht\u00eb vendit, raporton portali Veriu.info.Bashk\u00eb me kryetarin e Vushtrris\u00eb, Xhafer Tahiri, biznesmen\u00ebt dhe politikan\u00ebt amerikan\u00eb nga drejtuesit e kompanis\u00eb \u2018Pestova \u2013 Vipa \u00c7ips\u2019, jan\u00eb informuar me pun\u00ebn q\u00eb b\u00ebhet n\u00eb kultivimin e patates.\u2018Patatja \u00ebsht\u00eb i vetmi produkt me t\u00eb cilin Vushtrria dhe Kosova n\u00eb p\u00ebrgjith\u00ebsi i plot\u00ebson plot\u00ebsisht nevojat p\u00ebr konsum vendor por edhe eksportohet jasht\u00eb vendit, duke p\u00ebrfshir\u00eb edhe vendet e Bashkimit Evropian\u2019, ka th\u00ebn\u00eb, Agran Halimi menaxher i prodhimit, cil\u00ebsis\u00eb dhe siguris\u00eb s\u00eb ushqimit n\u00eb kompanin\u00eb \u2018Pestova \u2013 Vipa \u00c7ips\u2019.Nga ana tjet\u00ebr biznesmen e politikan nga shteti Iowa i SHBA, e cila \u00ebsht\u00eb shum\u00eb e njohur p\u00ebr bujq\u00ebsi t\u00eb zhvilluara dhe ferma shum\u00eb t\u00eb m\u00ebdha, jan\u00eb interesuar p\u00ebr procesin e kultivimit t\u00eb patates por edhe p\u00ebrpunimin e saj n\u00eb produkte tjera.<\/li>\n<\/ul>\n<p>[\/vc_column_text][\/vc_tta_section][vc_tta_section title=&#8221;Can I return the product after purchase?&#8221; tab_id=&#8221;1568284226631-feb6af68-7330&#8243;][vc_column_text]<\/p>\n<ul class=\"disc\">\n<li>Sed tincidunt lacus risus, eget suscipit sapien feugiat ac. Maecenas vitae accumsan odio, at venenatis libero. Suspendisse viverra placerat eros in venenatis.<\/li>\n<li>Vestibulum interdum ex eu dignissim eleifend. Morbi molestie libero orci, volutpat pulvinar ipsum efficitur non. Aliquam ut ligula augue. Pellentesque vel velit nec turpis fermentum consectetur a non sapien.<\/li>\n<li>Vestibulum ante ipsum primis in faucibus orci luctus et ultrices posuere cubilia Curae; Phasellus imperdiet, quam sit amet convallis tempor, nisl metus aliquet magna, et imperdiet nibh diam vel elit. Phasellus mollis ac augue sed varius.<\/li>\n<\/ul>\n<p>[\/vc_column_text][\/vc_tta_section][vc_tta_section title=&#8221;How do I use a promotional code?&#8221; tab_id=&#8221;1568284226489-ec9522b4-13e2&#8243;][vc_column_text]<\/p>\n<ul class=\"disc\">\n<li>Sed tincidunt lacus risus, eget suscipit sapien feugiat ac. Maecenas vitae accumsan odio, at venenatis libero. Suspendisse viverra placerat eros in venenatis.<\/li>\n<li>Vestibulum interdum ex eu dignissim eleifend. Morbi molestie libero orci, volutpat pulvinar ipsum efficitur non. Aliquam ut ligula augue. Pellentesque vel velit nec turpis fermentum consectetur a non sapien.<\/li>\n<li>Vestibulum ante ipsum primis in faucibus orci luctus et ultrices posuere cubilia Curae; Phasellus imperdiet, quam sit amet convallis tempor, nisl metus aliquet magna, et imperdiet nibh diam vel elit. Phasellus mollis ac augue sed varius.<\/li>\n<\/ul>\n<p>[\/vc_column_text][\/vc_tta_section][vc_tta_section title=&#8221;What is the validity period of the gift certificate?&#8221; tab_id=&#8221;1568284226339-4e5e5c4a-5269&#8243;][vc_column_text]<\/p>\n<ul class=\"disc\">\n<li>Sed tincidunt lacus risus, eget suscipit sapien feugiat ac. Maecenas vitae accumsan odio, at venenatis libero. Suspendisse viverra placerat eros in venenatis.<\/li>\n<li>Vestibulum interdum ex eu dignissim eleifend. Morbi molestie libero orci, volutpat pulvinar ipsum efficitur non. Aliquam ut ligula augue. Pellentesque vel velit nec turpis fermentum consectetur a non sapien.<\/li>\n<li>Vestibulum ante ipsum primis in faucibus orci luctus et ultrices posuere cubilia Curae; Phasellus imperdiet, quam sit amet convallis tempor, nisl metus aliquet magna, et imperdiet nibh diam vel elit. Phasellus mollis ac augue sed varius.<\/li>\n<\/ul>\n<p>[\/vc_column_text][\/vc_tta_section][vc_tta_section title=&#8221;What if the prepaid goods are not delivered?&#8221; tab_id=&#8221;1568284226196-3ccdbcf3-689a&#8221;][vc_column_text]<\/p>\n<ul class=\"disc\">\n<li>Sed tincidunt lacus risus, eget suscipit sapien feugiat ac. Maecenas vitae accumsan odio, at venenatis libero. Suspendisse viverra placerat eros in venenatis.<\/li>\n<li>Vestibulum interdum ex eu dignissim eleifend. Morbi molestie libero orci, volutpat pulvinar ipsum efficitur non. Aliquam ut ligula augue. Pellentesque vel velit nec turpis fermentum consectetur a non sapien.<\/li>\n<li>Vestibulum ante ipsum primis in faucibus orci luctus et ultrices posuere cubilia Curae; Phasellus imperdiet, quam sit amet convallis tempor, nisl metus aliquet magna, et imperdiet nibh diam vel elit. Phasellus mollis ac augue sed varius.<\/li>\n<\/ul>\n<p>[\/vc_column_text][\/vc_tta_section][vc_tta_section title=&#8221;Where and how can I exchange or refund?&#8221; tab_id=&#8221;1568284226049-95265b22-84ac&#8221;][vc_column_text]<\/p>\n<ul class=\"disc\">\n<li>Sed tincidunt lacus risus, eget suscipit sapien feugiat ac. Maecenas vitae accumsan odio, at venenatis libero. Suspendisse viverra placerat eros in venenatis.<\/li>\n<li>Vestibulum interdum ex eu dignissim eleifend. Morbi molestie libero orci, volutpat pulvinar ipsum efficitur non. Aliquam ut ligula augue. Pellentesque vel velit nec turpis fermentum consectetur a non sapien.<\/li>\n<li>Vestibulum ante ipsum primis in faucibus orci luctus et ultrices posuere cubilia Curae; Phasellus imperdiet, quam sit amet convallis tempor, nisl metus aliquet magna, et imperdiet nibh diam vel elit. Phasellus mollis ac augue sed varius.<\/li>\n<\/ul>\n<p>[\/vc_column_text][\/vc_tta_section][vc_tta_section title=&#8221;Is it possible to pay for an order with Visa and MasterCard payment cards?&#8221; tab_id=&#8221;1568284225685-b895cc46-5e9f&#8221;][vc_column_text]<\/p>\n<ul class=\"disc\">\n<li>Sed tincidunt lacus risus, eget suscipit sapien feugiat ac. Maecenas vitae accumsan odio, at venenatis libero. Suspendisse viverra placerat eros in venenatis.<\/li>\n<li>Vestibulum interdum ex eu dignissim eleifend. Morbi molestie libero orci, volutpat pulvinar ipsum efficitur non. Aliquam ut ligula augue. Pellentesque vel velit nec turpis fermentum consectetur a non sapien.<\/li>\n<li>Vestibulum ante ipsum primis in faucibus orci luctus et ultrices posuere cubilia Curae; Phasellus imperdiet, quam sit amet convallis tempor, nisl metus aliquet magna, et imperdiet nibh diam vel elit. Phasellus mollis ac augue sed varius.<\/li>\n<\/ul>\n<p>[\/vc_column_text][\/vc_tta_section][vc_tta_section title=&#8221;Is it possible to pay by credit card?&#8221; tab_id=&#8221;1568284224811-fae3d4fc-25e6&#8243;][vc_column_text]<\/p>\n<ul class=\"disc\">\n<li>Sed tincidunt lacus risus, eget suscipit sapien feugiat ac. Maecenas vitae accumsan odio, at venenatis libero. Suspendisse viverra placerat eros in venenatis.<\/li>\n<li>Vestibulum interdum ex eu dignissim eleifend. Morbi molestie libero orci, volutpat pulvinar ipsum efficitur non. Aliquam ut ligula augue. Pellentesque vel velit nec turpis fermentum consectetur a non sapien.<\/li>\n<li>Vestibulum ante ipsum primis in faucibus orci luctus et ultrices posuere cubilia Curae; Phasellus imperdiet, quam sit amet convallis tempor, nisl metus aliquet magna, et imperdiet nibh diam vel elit. Phasellus mollis ac augue sed varius.<\/li>\n<\/ul>\n<p>[\/vc_column_text][\/vc_tta_section][vc_tta_section title=&#8221;What payment methods exist in your company?&#8221; tab_id=&#8221;1568284293268-17744cba-3217&#8243;][vc_column_text]<\/p>\n<ul class=\"disc\">\n<li>Sed tincidunt lacus risus, eget suscipit sapien feugiat ac. Maecenas vitae accumsan odio, at venenatis libero. Suspendisse viverra placerat eros in venenatis.<\/li>\n<li>Vestibulum interdum ex eu dignissim eleifend. Morbi molestie libero orci, volutpat pulvinar ipsum efficitur non. Aliquam ut ligula augue. Pellentesque vel velit nec turpis fermentum consectetur a non sapien.<\/li>\n<li>Vestibulum ante ipsum primis in faucibus orci luctus et ultrices posuere cubilia Curae; Phasellus imperdiet, quam sit amet convallis tempor, nisl metus aliquet magna, et imperdiet nibh diam vel elit. Phasellus mollis ac augue sed varius.<\/li>\n<\/ul>\n<p>[\/vc_column_text][\/vc_tta_section][vc_tta_section title=&#8221;Can I return the product after purchase?&#8221; tab_id=&#8221;1568284292782-b6778583-e413&#8243;][vc_column_text]<\/p>\n<ul class=\"disc\">\n<li>Sed tincidunt lacus risus, eget suscipit sapien feugiat ac. Maecenas vitae accumsan odio, at venenatis libero. Suspendisse viverra placerat eros in venenatis.<\/li>\n<li>Vestibulum interdum ex eu dignissim eleifend. Morbi molestie libero orci, volutpat pulvinar ipsum efficitur non. Aliquam ut ligula augue. Pellentesque vel velit nec turpis fermentum consectetur a non sapien.<\/li>\n<li>Vestibulum ante ipsum primis in faucibus orci luctus et ultrices posuere cubilia Curae; Phasellus imperdiet, quam sit amet convallis tempor, nisl metus aliquet magna, et imperdiet nibh diam vel elit. Phasellus mollis ac augue sed varius.<\/li>\n<\/ul>\n<p>[\/vc_column_text][\/vc_tta_section][\/vc_tta_accordion][\/vc_column][\/vc_row][\/vc_section]<\/p>\n","protected":false},"excerpt":{"rendered":"<p>[vc_section][vc_row][vc_column width=&#8221;1\/3&#8243;][vc_column_text]Phasellus porta turpis a lectus dapibus aliquet. Maecenas arcu est, consectetur eget ipsum ut, vulputate laoreet purus. Proin facilisis sem non turpis vulputate semper. Lorem ipsum dolor sit amet, consectetur adipiscing elit. Broadband questions Satelite TV and Internet High-speed WiFi settings About Connections [\/vc_column_text][vc_column_text]Maecenas arcu est, consectetur eget ipsum ut, vulputate. Proin facilisis sem non turpis vulputate semper. Lorem ipsum dolor sit amet, consectetur adipiscing elit.[\/vc_column_text][\/vc_column][vc_column width=&#8221;2\/3&#8243;][vc_tta_accordion][vc_tta_section title=&#8221;2019 KRYEMINISTRI HARADINAJ VIZITON KOMPANIN\u00cb PESTOVA \u2013VIPA CHIPS&#8221; tab_id=&#8221;1568282635582-254bfc81-ee9c&#8221;][vc_single_image image=&#8221;11373&#8243; alignment=&#8221;center&#8221; style=&#8221;vc_box_shadow_border&#8221; onclick=&#8221;zoom&#8221;][vc_column_text] 15\/07\/2019 N\u00eb kuad\u00ebr t\u00eb vizit\u00ebs n\u00eb kompanit\u00eb e suksesshme t\u00eb vendit, kryeministri i Kosov\u00ebs, Ramush Haradinaj, sot ka paralajm\u00ebruar t\u00eb vizitoj kompanin\u00eb Pestova \u2013Vipa Chips, raporton Gazeta Online Veriu.info.Nga burime t\u00eb gazet\u00ebs merret vesh se arsyeja e vizit\u00ebs s\u00eb kryeministrit n\u00eb Pestov\u00eb \u00ebsht\u00eb rritja e eksportit q\u00eb kjo kompani [&hellip;]<\/p>\n","protected":false},"author":1,"featured_media":0,"parent":0,"menu_order":0,"comment_status":"closed","ping_status":"closed","template":"page-templates\/full-width.php","meta":{"footnotes":""},"class_list":["post-12885","page","type-page","status-publish","hentry"],"brizy_media":[],"_links":{"self":[{"href":"https:\/\/vipa-ks.com\/en\/wp-json\/wp\/v2\/pages\/12885","targetHints":{"allow":["GET"]}}],"collection":[{"href":"https:\/\/vipa-ks.com\/en\/wp-json\/wp\/v2\/pages"}],"about":[{"href":"https:\/\/vipa-ks.com\/en\/wp-json\/wp\/v2\/types\/page"}],"author":[{"embeddable":true,"href":"https:\/\/vipa-ks.com\/en\/wp-json\/wp\/v2\/users\/1"}],"replies":[{"embeddable":true,"href":"https:\/\/vipa-ks.com\/en\/wp-json\/wp\/v2\/comments?post=12885"}],"version-history":[{"count":1,"href":"https:\/\/vipa-ks.com\/en\/wp-json\/wp\/v2\/pages\/12885\/revisions"}],"predecessor-version":[{"id":12890,"href":"https:\/\/vipa-ks.com\/en\/wp-json\/wp\/v2\/pages\/12885\/revisions\/12890"}],"wp:attachment":[{"href":"https:\/\/vipa-ks.com\/en\/wp-json\/wp\/v2\/media?parent=12885"}],"curies":[{"name":"wp","href":"https:\/\/api.w.org\/{rel}","templated":true}]}}