{"id":12891,"date":"2021-06-19T19:52:38","date_gmt":"2021-06-19T19:52:38","guid":{"rendered":"https:\/\/vipa-ks.com\/?page_id=12891"},"modified":"2021-06-19T19:52:40","modified_gmt":"2021-06-19T19:52:40","slug":"nuk-egziston","status":"publish","type":"page","link":"https:\/\/vipa-ks.com\/en\/nuk-egziston\/","title":{"rendered":"Nuk egziston"},"content":{"rendered":"<p>[vc_section css=&#8221;.vc_custom_1502109771712{background-image: url(https:\/\/vipa-ks.com\/wp-content\/uploads\/2017\/08\/404.jpg?id=1220) !important;background-position: center !important;background-repeat: no-repeat !important;background-size: cover !important;}&#8221;][vc_row full_width=&#8221;stretch_row_content_no_spaces&#8221; css=&#8221;.vc_custom_1502108370252{background-position: center !important;background-repeat: no-repeat !important;background-size: contain !important;}&#8221;][vc_column]<div class=\"es-resp\">\t<div class=\"visible-xl\" style=\"height: 64px;\"><\/div>\t<div class=\"hidden-xl hidden-md hidden-sm hidden-ms hidden-xs\" style=\"height: 64px;\"><\/div>\t<div class=\"visible-md\" style=\"height: 64px;\"><\/div>\t<div class=\"visible-sm \" style=\"height: 64px;\"><\/div>\t<div class=\"visible-ms\" style=\"height: 64px;\"><\/div>\t<div class=\"visible-xs\" style=\"height: 64px;\"><\/div><\/div>[vc_single_image image=&#8221;10682&#8243; img_size=&#8221;full&#8221; alignment=&#8221;center&#8221;]<div class=\"heading heading-large default align-center color-black subcolor-second transform-default icon-type-hidden   vc_custom_1599727563381 heading-tag-h4\" id=\"like_sc_header_2077960148\"><h4 data-text=\"Na falni, nuk ka nj\u00eb faqe t\u00eb till...\" class=\"header ltx-sr-id-like_sc_header_20779601481334406101 ltx-sr ltx-sr-effect-fade_in ltx-sr-el-block ltx-sr-delay-0 ltx-sr-duration-1000 ltx-sr-sequences-0\">Na falni, nuk ka nj\u00eb faqe t\u00eb till...<\/h4><\/div>[vc_column_text]<\/p>\n<p style=\"text-align: center;\">N\u00eb k\u00ebt\u00eb tem nuk ka gjetur as nj\u00eb material<br \/>\nkliko n\u00eb butonin m\u00eb posht\u00eb p\u00ebr tu kthyer<\/p>\n<p>[\/vc_column_text][vc_empty_space height=&#8221;16px&#8221;]<div class=\"btn-wrap align-center\">\r\n\t<a href=\"\/\"  class=\"btn  btn-xs btn-main color-hover-black align-center\" id=\"like_sc_button_1666550642\">Kthehu n\u00eb Ballin<\/a><\/div><div class=\"es-resp\">\t<div class=\"visible-xl\" style=\"height: 64px;\"><\/div>\t<div class=\"hidden-xl hidden-md hidden-sm hidden-ms hidden-xs\" style=\"height: 64px;\"><\/div>\t<div class=\"visible-md\" style=\"height: 64px;\"><\/div>\t<div class=\"visible-sm \" style=\"height: 64px;\"><\/div>\t<div class=\"visible-ms\" style=\"height: 64px;\"><\/div>\t<div class=\"visible-xs\" style=\"height: 64px;\"><\/div><\/div>[\/vc_column][\/vc_row][\/vc_section]<\/p>\n","protected":false},"excerpt":{"rendered":"<p>[vc_section css=&#8221;.vc_custom_1502109771712{background-image: url(https:\/\/vipa-ks.com\/wp-content\/uploads\/2017\/08\/404.jpg?id=1220) !important;background-position: center !important;background-repeat: no-repeat !important;background-size: cover !important;}&#8221;][vc_row full_width=&#8221;stretch_row_content_no_spaces&#8221; css=&#8221;.vc_custom_1502108370252{background-position: center !important;background-repeat: no-repeat !important;background-size: contain !important;}&#8221;][vc_column][vc_single_image image=&#8221;10682&#8243; img_size=&#8221;full&#8221; alignment=&#8221;center&#8221;][vc_column_text] N\u00eb k\u00ebt\u00eb tem nuk ka gjetur as nj\u00eb material kliko n\u00eb butonin m\u00eb posht\u00eb p\u00ebr tu kthyer [\/vc_column_text][vc_empty_space height=&#8221;16px&#8221;][\/vc_column][\/vc_row][\/vc_section]<\/p>\n","protected":false},"author":1,"featured_media":0,"parent":0,"menu_order":0,"comment_status":"closed","ping_status":"closed","template":"page-templates\/404.php","meta":{"footnotes":""},"class_list":["post-12891","page","type-page","status-publish","hentry"],"brizy_media":[],"_links":{"self":[{"href":"https:\/\/vipa-ks.com\/en\/wp-json\/wp\/v2\/pages\/12891","targetHints":{"allow":["GET"]}}],"collection":[{"href":"https:\/\/vipa-ks.com\/en\/wp-json\/wp\/v2\/pages"}],"about":[{"href":"https:\/\/vipa-ks.com\/en\/wp-json\/wp\/v2\/types\/page"}],"author":[{"embeddable":true,"href":"https:\/\/vipa-ks.com\/en\/wp-json\/wp\/v2\/users\/1"}],"replies":[{"embeddable":true,"href":"https:\/\/vipa-ks.com\/en\/wp-json\/wp\/v2\/comments?post=12891"}],"version-history":[{"count":1,"href":"https:\/\/vipa-ks.com\/en\/wp-json\/wp\/v2\/pages\/12891\/revisions"}],"predecessor-version":[{"id":12894,"href":"https:\/\/vipa-ks.com\/en\/wp-json\/wp\/v2\/pages\/12891\/revisions\/12894"}],"wp:attachment":[{"href":"https:\/\/vipa-ks.com\/en\/wp-json\/wp\/v2\/media?parent=12891"}],"curies":[{"name":"wp","href":"https:\/\/api.w.org\/{rel}","templated":true}]}}